{"id":8643,"date":"2020-05-12T15:24:16","date_gmt":"2020-05-12T15:24:16","guid":{"rendered":"https:\/\/nomadtoursquebec.com\/?page_id=8643"},"modified":"2026-03-09T14:38:47","modified_gmt":"2026-03-09T14:38:47","slug":"partners","status":"publish","type":"page","link":"https:\/\/nomadtoursquebec.com\/fr\/partners\/","title":{"rendered":"Partenaires"},"content":{"rendered":"<div data-elementor-type=\"wp-post\" data-elementor-id=\"8643\" class=\"elementor elementor-8643\" data-elementor-settings=\"[]\">\n\t\t\t<div class=\"elementor-inner\">\n\t\t\t\t<div class=\"elementor-section-wrap\">\n\t\t\t\t\t\t\t<section class=\"elementor-element elementor-element-jcpoldy elementor-section-height-min-height elementor-section-boxed elementor-section-height-default elementor-section-items-middle elementor-section elementor-top-section\" data-id=\"jcpoldy\" data-element_type=\"section\" data-settings=\"{&quot;background_background&quot;:&quot;gradient&quot;}\">\n\t\t\t\t\t\t\t<div class=\"elementor-background-overlay\"><\/div>\n\t\t\t\t\t\t\t<div class=\"elementor-container elementor-column-gap-default\">\n\t\t\t\t<div class=\"elementor-row\">\n\t\t\t\t<div class=\"elementor-element elementor-element-bsvdawm elementor-column elementor-col-100 elementor-top-column\" data-id=\"bsvdawm\" data-element_type=\"column\">\n\t\t\t<div class=\"elementor-column-wrap  elementor-element-populated\">\n\t\t\t\t\t<div class=\"elementor-widget-wrap\">\n\t\t\t\t<div class=\"elementor-element elementor-element-addubne elementor-widget elementor-widget-spacer\" data-id=\"addubne\" data-element_type=\"widget\" data-widget_type=\"spacer.default\">\n\t\t\t\t<div class=\"elementor-widget-container\">\n\t\t\t\t\t<div class=\"elementor-spacer\">\n\t\t\t<div class=\"elementor-spacer-inner\"><\/div>\n\t\t<\/div>\n\t\t\t\t<\/div>\n\t\t\t\t<\/div>\n\t\t\t\t<div class=\"elementor-element elementor-element-fxsfiac elementor-view-default elementor-position-top elementor-widget elementor-widget-themo-header\" data-id=\"fxsfiac\" data-element_type=\"widget\" data-widget_type=\"themo-header.default\">\n\t\t\t\t<div class=\"elementor-widget-container\">\n\t\t\t\t\t<div class=\"th-header-wrap\">\n            <div class=\"elementor-icon-box-wrapper\">\n                                <div class=\"elementor-icon-box-content\">\n                    <h1 class=\"elementor-icon-box-title\">\n                        <span >MES FORMIDABLES PARTENAIRES<\/span>\n                    <\/h1>\n                                        <p class=\"elementor-icon-box-description\">Ils rendent mes tours guid\u00e9s de Qu\u00e9bec encore plus m\u00e9morables!<\/p>\n\n                                    <\/div>\n            <\/div>\n\n        <\/div>\n\n\t\t\t\t<\/div>\n\t\t\t\t<\/div>\n\t\t\t\t\t\t<\/div>\n\t\t\t<\/div>\n\t\t<\/div>\n\t\t\t\t\t\t<\/div>\n\t\t\t<\/div>\n\t\t<\/section>\n\t\t\t\t<section class=\"elementor-element elementor-element-2a0ce49 elementor-section-boxed elementor-section-height-default elementor-section-height-default elementor-section elementor-top-section\" data-id=\"2a0ce49\" data-element_type=\"section\">\n\t\t\t\t\t\t<div class=\"elementor-container elementor-column-gap-default\">\n\t\t\t\t<div class=\"elementor-row\">\n\t\t\t\t<div class=\"elementor-element elementor-element-094c673 elementor-column elementor-col-100 elementor-top-column\" data-id=\"094c673\" data-element_type=\"column\">\n\t\t\t<div class=\"elementor-column-wrap  elementor-element-populated\">\n\t\t\t\t\t<div class=\"elementor-widget-wrap\">\n\t\t\t\t<div class=\"elementor-element elementor-element-88efcf5 elementor-widget elementor-widget-spacer\" data-id=\"88efcf5\" data-element_type=\"widget\" data-widget_type=\"spacer.default\">\n\t\t\t\t<div class=\"elementor-widget-container\">\n\t\t\t\t\t<div class=\"elementor-spacer\">\n\t\t\t<div class=\"elementor-spacer-inner\"><\/div>\n\t\t<\/div>\n\t\t\t\t<\/div>\n\t\t\t\t<\/div>\n\t\t\t\t\t\t<\/div>\n\t\t\t<\/div>\n\t\t<\/div>\n\t\t\t\t\t\t<\/div>\n\t\t\t<\/div>\n\t\t<\/section>\n\t\t\t\t<section class=\"elementor-element elementor-element-d4cc7d8 elementor-section-boxed elementor-section-height-default elementor-section-height-default elementor-section elementor-top-section\" data-id=\"d4cc7d8\" data-element_type=\"section\">\n\t\t\t\t\t\t<div class=\"elementor-container elementor-column-gap-default\">\n\t\t\t\t<div class=\"elementor-row\">\n\t\t\t\t<div class=\"elementor-element elementor-element-ea61552 elementor-column elementor-col-50 elementor-top-column\" data-id=\"ea61552\" data-element_type=\"column\">\n\t\t\t<div class=\"elementor-column-wrap  elementor-element-populated\">\n\t\t\t\t\t<div class=\"elementor-widget-wrap\">\n\t\t\t\t<div class=\"elementor-element elementor-element-cf1c02b elementor-widget elementor-widget-themo-team\" data-id=\"cf1c02b\" data-element_type=\"widget\" data-widget_type=\"themo-team.default\">\n\t\t\t\t<div class=\"elementor-widget-container\">\n\t\t\t\n\t\t<div class=\"th-team-member\">\n                            <a href=\"https:\/\/apikol.ca\/\">\n                    <img decoding=\"async\" width=\"700\" height=\"700\" src=\"https:\/\/nomadtoursquebec.com\/wp-content\/uploads\/2023\/12\/OFF-THE-BEATEN-PATH-QUEBEC-CITY-DISTILLERY-VISIT-4-700x700.jpg\" class=\"th-img-stretch\" alt=\"local mead quebec\" loading=\"lazy\" \/>                <\/a>\n            \n\t\t\t<div class=\"th-team-member-content\">\n                                                            <a href=\"https:\/\/apikol.ca\/\">\n                            <h4 class=\"th-team-member-name\">Distillerie Apikol <\/h4>\n                        <\/a>\n                                   \t\t\t\t\t\t\t\t\t<h5 class=\"th-team-member-title\">For mead and fin spirits fans<\/h5>\n\t\t\t\t\t\t\t\t\t\t\t\t\t<div class=\"th-team-member-text\">Hydromellerie et distillerie urbaine, Apikol produit de l'hydromel et des spiritueux \u00e0 partir de son miel dans le quartier Saint-Roch de Qu\u00e9bec. Apikol est le partenaire cl\u00e9 de ma ''Visite de la ville de Qu\u00e9bec et des distilleries hors des sentiers battus''.<\/div>\n\t\t\t\t\t\t\t\t<div class=\"th-team-member-social\">\n\t\t\t\t\t<a href=\"https:\/\/www.facebook.com\/apikolquebec\/\">\t\t\t\t\t\t\t<i class=\"fa fa-facebook\"><\/i>\n\t\t\t\t\t\t<\/a><a href=\"https:\/\/www.instagram.com\/apikolmicrodistillerie\">\t\t\t\t\t\t\t<i class=\"fa fa-instagram\"><\/i>\n\t\t\t\t\t\t<\/a>\t\t\t\t<\/div>\n\t\t\t<\/div>\n\t\t<\/div>\n\n\t\t\t\t<\/div>\n\t\t\t\t<\/div>\n\t\t\t\t\t\t<\/div>\n\t\t\t<\/div>\n\t\t<\/div>\n\t\t\t\t<div class=\"elementor-element elementor-element-0d39126 elementor-column elementor-col-50 elementor-top-column\" data-id=\"0d39126\" data-element_type=\"column\">\n\t\t\t<div class=\"elementor-column-wrap  elementor-element-populated\">\n\t\t\t\t\t<div class=\"elementor-widget-wrap\">\n\t\t\t\t<div class=\"elementor-element elementor-element-8bd1915 elementor-widget elementor-widget-themo-team\" data-id=\"8bd1915\" data-element_type=\"widget\" data-widget_type=\"themo-team.default\">\n\t\t\t\t<div class=\"elementor-widget-container\">\n\t\t\t\n\t\t<div class=\"th-team-member\">\n                            <a href=\"https:\/\/hqst.ca\/tour\/old-quebec-evening-gourmet-food-tour\/\">\n                    <img decoding=\"async\" width=\"394\" height=\"394\" src=\"https:\/\/nomadtoursquebec.com\/wp-content\/uploads\/2024\/01\/french-onion-soup-quebec-394x394.jpg\" class=\"th-img-stretch\" alt=\"\" loading=\"lazy\" \/>                <\/a>\n            \n\t\t\t<div class=\"th-team-member-content\">\n                                                            <a href=\"https:\/\/hqst.ca\/tour\/old-quebec-evening-gourmet-food-tour\/\">\n                            <h4 class=\"th-team-member-name\">Services Touristiques HQ<\/h4>\n                        <\/a>\n                                   \t\t\t\t\t\t\t\t\t<h5 class=\"th-team-member-title\">Le meilleur circuit gastronomique<\/h5>\n\t\t\t\t\t\t\t\t\t\t\t\t\t<div class=\"th-team-member-text\">Avec le tour guid\u00e9 gourmet d'HQ vous allez d\u00e9couvrir la beaut\u00e9 des rues de la ville et les saveurs de la cuisine canadienne-fran\u00e7aise. La meilleure combinaison d'histoire et de plaisir !\n<\/div>\n\t\t\t\t\t\t\t\t<div class=\"th-team-member-social\">\n\t\t\t\t\t<a href=\"https:\/\/www.instagram.com\/hq_services_touristiques\">\t\t\t\t\t\t\t<i class=\"fa fa-facebook\"><\/i>\n\t\t\t\t\t\t<\/a><a href=\"https:\/\/www.instagram.com\/amimoc_boutique\/?hl=fr-ca\">\t\t\t\t\t\t\t<i class=\"fa fa-instagram\"><\/i>\n\t\t\t\t\t\t<\/a>\t\t\t\t<\/div>\n\t\t\t<\/div>\n\t\t<\/div>\n\n\t\t\t\t<\/div>\n\t\t\t\t<\/div>\n\t\t\t\t\t\t<\/div>\n\t\t\t<\/div>\n\t\t<\/div>\n\t\t\t\t\t\t<\/div>\n\t\t\t<\/div>\n\t\t<\/section>\n\t\t\t\t<section class=\"elementor-element elementor-element-cf4b2e3 elementor-section-boxed elementor-section-height-default elementor-section-height-default elementor-section elementor-top-section\" data-id=\"cf4b2e3\" data-element_type=\"section\">\n\t\t\t\t\t\t<div class=\"elementor-container elementor-column-gap-default\">\n\t\t\t\t<div class=\"elementor-row\">\n\t\t\t\t<div class=\"elementor-element elementor-element-99ea712 elementor-column elementor-col-50 elementor-top-column\" data-id=\"99ea712\" data-element_type=\"column\">\n\t\t\t<div class=\"elementor-column-wrap  elementor-element-populated\">\n\t\t\t\t\t<div class=\"elementor-widget-wrap\">\n\t\t\t\t<div class=\"elementor-element elementor-element-58e3790 elementor-widget elementor-widget-themo-team\" data-id=\"58e3790\" data-element_type=\"widget\" data-widget_type=\"themo-team.default\">\n\t\t\t\t<div class=\"elementor-widget-container\">\n\t\t\t\n\t\t<div class=\"th-team-member\">\n                            <a href=\"https:\/\/www.hotelnomad.ca\/en\/\">\n                    <img decoding=\"async\" width=\"700\" height=\"700\" src=\"https:\/\/nomadtoursquebec.com\/wp-content\/uploads\/2026\/03\/room-in-hotel-nomad-2-700x700.jpg\" class=\"th-img-stretch\" alt=\"room in hotel nomad\" loading=\"lazy\" \/>                <\/a>\n            \n\t\t\t<div class=\"th-team-member-content\">\n                                                            <a href=\"https:\/\/www.hotelnomad.ca\/en\/\">\n                            <h4 class=\"th-team-member-name\">H\u00f4tel Nomad<\/h4>\n                        <\/a>\n                                   \t\t\t\t\t\t\t\t\t<h5 class=\"th-team-member-title\"> Un h\u00f4tel-boutique au design unique et inspirant<\/h5>\n\t\t\t\t\t\t\t\t\t\t\t\t\t<div class=\"th-team-member-text\">Un de mes partenaires de confiance dans le Vieux\u2011Qu\u00e9bec est l\u2019H\u00f4tel Nomad. J\u2019adore l\u2019originalit\u00e9 de chaque chambre et le design soign\u00e9 de l\u2019ensemble de l\u2019\u00e9tablissement. L\u2019\u00e9quipe est \u00e9galement tr\u00e8s engag\u00e9e dans des pratiques \u00e9coresponsables, et leur service est vraiment exceptionnel.<\/div>\n\t\t\t\t\t\t\t\t<div class=\"th-team-member-social\">\n\t\t\t\t\t<a href=\"https:\/\/www.facebook.com\/lhotel.ca\/\">\t\t\t\t\t\t\t<i class=\"fa fa-facebook\"><\/i>\n\t\t\t\t\t\t<\/a><a href=\"https:\/\/www.instagram.com\/hotel_nomad_quebec\/\">\t\t\t\t\t\t\t<i class=\"fa fa-instagram\"><\/i>\n\t\t\t\t\t\t<\/a><a href=\"https:\/\/www.linkedin.com\/company\/hotel-nomad-quebec\/?viewAsMember=true\">\t\t\t\t\t\t\t<i class=\"fa fa-linkedin\"><\/i>\n\t\t\t\t\t\t<\/a>\t\t\t\t<\/div>\n\t\t\t<\/div>\n\t\t<\/div>\n\n\t\t\t\t<\/div>\n\t\t\t\t<\/div>\n\t\t\t\t\t\t<\/div>\n\t\t\t<\/div>\n\t\t<\/div>\n\t\t\t\t<div class=\"elementor-element elementor-element-b705eb6 elementor-column elementor-col-50 elementor-top-column\" data-id=\"b705eb6\" data-element_type=\"column\">\n\t\t\t<div class=\"elementor-column-wrap  elementor-element-populated\">\n\t\t\t\t\t<div class=\"elementor-widget-wrap\">\n\t\t\t\t<div class=\"elementor-element elementor-element-825105e elementor-widget elementor-widget-themo-team\" data-id=\"825105e\" data-element_type=\"widget\" data-widget_type=\"themo-team.default\">\n\t\t\t\t<div class=\"elementor-widget-container\">\n\t\t\t\n\t\t<div class=\"th-team-member\">\n                            <img decoding=\"async\" width=\"394\" height=\"394\" src=\"https:\/\/nomadtoursquebec.com\/wp-content\/uploads\/2020\/04\/tour_img-1553115-148-394x394.jpg\" class=\"th-img-stretch\" alt=\"\" loading=\"lazy\" \/>            \n\t\t\t<div class=\"th-team-member-content\">\n                                                            <h4 class=\"th-team-member-name\">Motel Ile d'Orl\u00e9ans<\/h4>\n                                   \t\t\t\t\t\t\t\t\t<h5 class=\"th-team-member-title\">Votre destination sur l'Ile d'Orl\u00e9ans<\/h5>\n\t\t\t\t\t\t\t\t\t\t\t\t\t<div class=\"th-team-member-text\">Fran\u00e7ois, le propri\u00e9taire du motel, organise des tours \u00e0 v\u00e9lo et en scooter autour de l\u2019\u00cele d\u2019Orl\u00e9ans. Vous pouvez aussi louer un v\u00e9lo ou un scooter et explorer l\u2019\u00eele en autonomie. C\u2019est vraiment l\u2019une des meilleures fa\u00e7ons de la d\u00e9couvrir comme un local, en passant devant les fermes et en s\u2019arr\u00eatant pour go\u00fbter cidre, fromage et vin en chemin.<\/div>\n\t\t\t\t\t\t\t\t<div class=\"th-team-member-social\">\n\t\t\t\t\t<a href=\"https:\/\/www.facebook.com\/MotelileOrleans\/?__tn__=%2Cd%2CP-R&#038;eid=ARB4hBTAg9yLN93WRLM15BvyxLGtnhF7hcu3jTjeZB1mMCs1X_6rQY3ASMxVrMScKQEFCKj1jezM1Jv2\">\t\t\t\t\t\t\t<i class=\"fa fa-facebook\"><\/i>\n\t\t\t\t\t\t<\/a><a href=\"https:\/\/www.instagram.com\/moteliledorleans_\/\">\t\t\t\t\t\t\t<i class=\"fa fa-instagram\"><\/i>\n\t\t\t\t\t\t<\/a>\t\t\t\t<\/div>\n\t\t\t<\/div>\n\t\t<\/div>\n\n\t\t\t\t<\/div>\n\t\t\t\t<\/div>\n\t\t\t\t\t\t<\/div>\n\t\t\t<\/div>\n\t\t<\/div>\n\t\t\t\t\t\t<\/div>\n\t\t\t<\/div>\n\t\t<\/section>\n\t\t\t\t<section class=\"elementor-element elementor-element-qybttnh elementor-section-boxed elementor-section-height-default elementor-section-height-default elementor-section elementor-top-section\" data-id=\"qybttnh\" data-element_type=\"section\" data-settings=\"{&quot;background_background&quot;:&quot;classic&quot;}\">\n\t\t\t\t\t\t<div class=\"elementor-container elementor-column-gap-default\">\n\t\t\t\t<div class=\"elementor-row\">\n\t\t\t\t<div class=\"elementor-element elementor-element-cvzykjq elementor-column elementor-col-100 elementor-top-column\" data-id=\"cvzykjq\" data-element_type=\"column\">\n\t\t\t<div class=\"elementor-column-wrap  elementor-element-populated\">\n\t\t\t\t\t<div class=\"elementor-widget-wrap\">\n\t\t\t\t<div class=\"elementor-element elementor-element-hnf2rat elementor-view-default elementor-position-top elementor-widget elementor-widget-themo-header\" data-id=\"hnf2rat\" data-element_type=\"widget\" data-widget_type=\"themo-header.default\">\n\t\t\t\t<div class=\"elementor-widget-container\">\n\t\t\t\t\t<div class=\"th-header-wrap\">\n            <div class=\"elementor-icon-box-wrapper\">\n                                <div class=\"elementor-icon-box-content\">\n                    <h2 class=\"elementor-icon-box-title\">\n                        <span >R\u00e9servez un tour guid\u00e9 de Qu\u00e9bec<\/span>\n                    <\/h2>\n                                        <p class=\"elementor-icon-box-description\">Si vous avez une question sur mes tours guid\u00e9s de Qu\u00e9bec ou si vous souhaitez r\u00e9server une visite, envoyez-moi un courriel et je vous r\u00e9pondrai d\u00e8s que possible.<\/p>\n\n                                    <\/div>\n            <\/div>\n\n        <\/div>\n\n\t\t\t\t<\/div>\n\t\t\t\t<\/div>\n\t\t\t\t<div class=\"elementor-element elementor-element-f10ca0e elementor-widget elementor-widget-themo-formidable-form\" data-id=\"f10ca0e\" data-element_type=\"widget\" data-widget_type=\"themo-formidable-form.default\">\n\t\t\t\t<div class=\"elementor-widget-container\">\n\t\t\t            <div class=\"th-fo-form  th-centered th-form-default  th-btn-form btn-standard-primary-form\"><div class=\"frm_forms  with_frm_style frm_style_formidable-style\" id=\"frm_form_3_container\" >\n<form enctype=\"multipart\/form-data\" method=\"post\" class=\"frm-show-form\" id=\"form_contact3\" action=\"\"  >\n<div class=\"frm_form_fields\">\n<fieldset>\n\r\n<div class=\"frm_fields_container\">\n<input type=\"hidden\" name=\"frm_action\" value=\"create\" \/>\n<input type=\"hidden\" name=\"form_id\" value=\"3\" \/>\n<input type=\"hidden\" name=\"frm_hide_fields_3\" id=\"frm_hide_fields_3\" value=\"\" \/>\n<input type=\"hidden\" name=\"form_key\" value=\"contact3\" \/>\n<input type=\"hidden\" name=\"item_meta[0]\" value=\"\" \/>\n<input type=\"hidden\" id=\"frm_submit_entry_3\" name=\"frm_submit_entry_3\" value=\"915bdca5e9\" \/><input type=\"hidden\" name=\"_wp_http_referer\" value=\"\/fr\/wp-json\/wp\/v2\/pages\/8643\" \/><div id=\"frm_field_9_container\" class=\"frm_form_field form-field  frm_required_field frm_none_container frm_full\">\r\n    <label for=\"field_xipbjr3\" class=\"frm_primary_label\">Votre Nom\r\n        <span class=\"frm_required\">*<\/span>\r\n    <\/label>\r\n    <input type=\"text\" id=\"field_xipbjr3\" name=\"item_meta[9]\" value=\"\"  placeholder=\"Votre Nom\" data-reqmsg=\"This field cannot be blank.\" aria-required=\"true\" data-invmsg=\"Name is invalid\" aria-invalid=\"false\"  \/>\r\n    \r\n    \r\n<\/div>\n<div id=\"frm_field_10_container\" class=\"frm_form_field form-field  frm_required_field frm_none_container frm_full\">\r\n    <label for=\"field_jaehy83\" class=\"frm_primary_label\">Courriel\r\n        <span class=\"frm_required\">*<\/span>\r\n    <\/label>\r\n    <input type=\"text\" id=\"field_jaehy83\" name=\"item_meta[10]\" value=\"\"  placeholder=\"Courriel\" data-reqmsg=\"This field cannot be blank.\" aria-required=\"true\" data-invmsg=\"Email is invalid\" aria-invalid=\"false\"  \/>\r\n    \r\n    \r\n<\/div>\n<div id=\"frm_field_75_container\" class=\"frm_form_field form-field  frm_required_field frm_top_container\">\n    <label for=\"field_974s4\" id=\"field_974s4_label\" class=\"frm_primary_label\">Num\u00e9ro de t\u00e9l\u00e9phone\n        <span class=\"frm_required\">*<\/span>\n    <\/label>\n    <input type=\"tel\" id=\"field_974s4\" name=\"item_meta[75]\" value=\"\"  data-reqmsg=\"This field cannot be blank.\" aria-required=\"true\" data-invmsg=\"Phone is invalid\" aria-invalid=\"false\" pattern=\"((\\+\\d{1,3}(-|.| )?\\(?\\d\\)?(-| |.)?\\d{1,5})|(\\(?\\d{2,6}\\)?))(-|.| )?(\\d{3,4})(-|.| )?(\\d{4})(( x| ext)\\d{1,5}){0,1}$\"  \/>\n    \n    \n<\/div>\n<div id=\"frm_field_12_container\" class=\"frm_form_field form-field  frm_required_field frm_none_container frm_full\">\r\n    <label for=\"field_w7ueyk3\" class=\"frm_primary_label\">Sujet\r\n        <span class=\"frm_required\">*<\/span>\r\n    <\/label>\r\n    <input type=\"text\" id=\"field_w7ueyk3\" name=\"item_meta[12]\" value=\"\"  placeholder=\"Sujet\" data-reqmsg=\"This field cannot be blank.\" aria-required=\"true\" data-invmsg=\"Subject is invalid\" aria-invalid=\"false\"  \/>\r\n    \r\n    \r\n<\/div>\n<div id=\"frm_field_13_container\" class=\"frm_form_field form-field  frm_required_field frm_none_container frm_full\">\r\n    <label for=\"field_kggkvh3\" class=\"frm_primary_label\">Votre Message\r\n        <span class=\"frm_required\">*<\/span>\r\n    <\/label>\r\n    <textarea name=\"item_meta[13]\" id=\"field_kggkvh3\" rows=\"5\"  placeholder=\"Votre Message\" data-reqmsg=\"This field cannot be blank.\" aria-required=\"true\" data-invmsg=\"Message is invalid\" aria-invalid=\"false\"  ><\/textarea>\r\n    \r\n    \r\n<\/div>\n<div id=\"frm_field_66_container\" class=\"frm_form_field form-field  frm_none_container\">\r\n    <label for=\"g-recaptcha-response\" id=\"field_uww8i_label\" class=\"frm_primary_label\">reCAPTCHA\r\n        <span class=\"frm_required\"><\/span>\r\n    <\/label>\r\n    <div id=\"field_uww8i\" class=\"frm-g-recaptcha\" data-sitekey=\"6LdMn-cUAAAAAJKfhr78TuD_rTUD9x_aoThD2W6O\" data-size=\"normal\" data-theme=\"light\"><\/div>\r\n    \r\n    \r\n<\/div>\n<input type=\"hidden\" name=\"item_key\" value=\"\" \/>\n\t<div class=\"frm_verify\" >\n\t<label for=\"frm_email_3\">\n\t\tIf you are human, leave this field blank.\t<\/label>\n\t<input type=\"email\" class=\"frm_verify\" id=\"frm_email_3\" name=\"frm_verify\" value=\"\"  \/>\n<\/div>\n\t\t<div class=\"frm_submit\">\r\n\r\n<input type=\"submit\" value=\"Envoyer\"  \/>\r\n<img decoding=\"async\" class=\"frm_ajax_loading\" src=\"https:\/\/nomadtoursquebec.com\/wp-content\/plugins\/formidable\/images\/ajax_loader.gif\" alt=\"Sending\" style=\"visibility:hidden;\" \/>\r\n\r\n<\/div><\/div>\n<\/fieldset>\n<\/div>\n<input type=\"hidden\" name=\"trp-form-language\" value=\"fr\"\/><\/form>\n<\/div>\n<\/div>\n            \t\t<\/div>\n\t\t\t\t<\/div>\n\t\t\t\t\t\t<\/div>\n\t\t\t<\/div>\n\t\t<\/div>\n\t\t\t\t\t\t<\/div>\n\t\t\t<\/div>\n\t\t<\/section>\n\t\t\t\t\t\t<\/div>\n\t\t\t<\/div>\n\t\t<\/div>","protected":false},"excerpt":{"rendered":"<p>MY AMAZING PARTNERS You make my tours even more fun and memorable! Apikol Distillery For mead and fin spirits fans An urban meadery and distillery, Apikol produces mead and spirits from its honey in Quebec City&#8217;s Saint-Roch district. They are &hellip; <a href=\"https:\/\/nomadtoursquebec.com\/fr\/partners\/\">Read More<\/a><\/p>","protected":false},"author":1,"featured_media":0,"parent":0,"menu_order":26,"comment_status":"closed","ping_status":"closed","template":"","meta":{"spay_email":""},"featured_image_urls":{"full":"","thumbnail":"","medium":"","medium_large":"","large":"","1536x1536":"","2048x2048":"","trp-custom-language-flag":"","themo-logo":"","th_img_xs":"","th_img_sm_landscape":"","th_img_sm_portrait":"","th_img_sm_square":"","th_img_sm_standard":"","th_img_md_landscape":"","th_img_md_portrait":"","th_img_md_square":"","th_img_lg":"","th_img_xl":"","th_img_xxl":"","web-stories-poster-portrait":"","web-stories-poster-square":"","web-stories-poster-landscape":"","web_stories_thumbnail":""},"post_excerpt_stackable":"<p>MY AMAZING PARTNERS You make my tours even more fun and memorable! Apikol Distillery For mead and fin spirits fans An urban meadery and distillery, Apikol produces mead and spirits from its honey in Quebec City&#8217;s Saint-Roch district. They are the key partner of my &#8221;Off the Beaten Path Quebec City &amp; Distillery Visit&#8221; HQ Tourism Services The best gourmet food tour On HQ&#8217;s Gourmet Food Tour, you&#8217;ll discover the beauty of the city&#8217;s streets and the flavors of French-Canadian cuisine. The best combination of history and fun! H\u00f4tel Nomad a boutique hotel with a unique and inspiring design One&hellip;<\/p>\n","category_list":"","author_info":{"name":"Marie-Pierre L.","url":"https:\/\/nomadtoursquebec.com\/fr\/author\/haku\/"},"comments_num":"0 comments","featured_image_urls_v2":{"full":"","thumbnail":"","medium":"","medium_large":"","large":"","1536x1536":"","2048x2048":"","trp-custom-language-flag":"","themo-logo":"","th_img_xs":"","th_img_sm_landscape":"","th_img_sm_portrait":"","th_img_sm_square":"","th_img_sm_standard":"","th_img_md_landscape":"","th_img_md_portrait":"","th_img_md_square":"","th_img_lg":"","th_img_xl":"","th_img_xxl":"","web-stories-poster-portrait":"","web-stories-poster-square":"","web-stories-poster-landscape":"","web_stories_thumbnail":""},"post_excerpt_stackable_v2":"<p>MY AMAZING PARTNERS You make my tours even more fun and memorable! Apikol Distillery For mead and fin spirits fans An urban meadery and distillery, Apikol produces mead and spirits from its honey in Quebec City&#8217;s Saint-Roch district. They are the key partner of my &#8221;Off the Beaten Path Quebec City &amp; Distillery Visit&#8221; HQ Tourism Services The best gourmet food tour On HQ&#8217;s Gourmet Food Tour, you&#8217;ll discover the beauty of the city&#8217;s streets and the flavors of French-Canadian cuisine. The best combination of history and fun! H\u00f4tel Nomad a boutique hotel with a unique and inspiring design One&hellip;<\/p>\n","category_list_v2":"","author_info_v2":{"name":"Marie-Pierre L.","url":"https:\/\/nomadtoursquebec.com\/fr\/author\/haku\/"},"comments_num_v2":"0 comments","_links":{"self":[{"href":"https:\/\/nomadtoursquebec.com\/fr\/wp-json\/wp\/v2\/pages\/8643"}],"collection":[{"href":"https:\/\/nomadtoursquebec.com\/fr\/wp-json\/wp\/v2\/pages"}],"about":[{"href":"https:\/\/nomadtoursquebec.com\/fr\/wp-json\/wp\/v2\/types\/page"}],"author":[{"embeddable":true,"href":"https:\/\/nomadtoursquebec.com\/fr\/wp-json\/wp\/v2\/users\/1"}],"replies":[{"embeddable":true,"href":"https:\/\/nomadtoursquebec.com\/fr\/wp-json\/wp\/v2\/comments?post=8643"}],"version-history":[{"count":29,"href":"https:\/\/nomadtoursquebec.com\/fr\/wp-json\/wp\/v2\/pages\/8643\/revisions"}],"predecessor-version":[{"id":10442,"href":"https:\/\/nomadtoursquebec.com\/fr\/wp-json\/wp\/v2\/pages\/8643\/revisions\/10442"}],"wp:attachment":[{"href":"https:\/\/nomadtoursquebec.com\/fr\/wp-json\/wp\/v2\/media?parent=8643"}],"curies":[{"name":"wp","href":"https:\/\/api.w.org\/{rel}","templated":true}]}}